{"id":160,"date":"2022-02-23T22:39:10","date_gmt":"2022-02-24T01:39:10","guid":{"rendered":"http:\/\/youthrio.com.br\/?post_type=product&#038;p=160"},"modified":"2022-05-26T21:28:30","modified_gmt":"2022-05-27T00:28:30","slug":"campeaosdia-30-de-abril","status":"publish","type":"product","link":"https:\/\/youthrio.com.br\/index.php\/product\/campeaosdia-30-de-abril\/","title":{"rendered":"Campe\u00e3s<br>Dia 30 de Abril"},"content":{"rendered":"<p><strong>Campe\u00e3s<br \/>\n<\/strong>Campe\u00e3s Especial 6\u00b0 lugar | 5\u00ba lugar | 4\u00ba lugar | 3\u00ba lugar | 2\u00ba lugar | Campe\u00e3.<\/p>\n<hr \/>\n<p><strong>BUFFET: <\/strong>Entrada: T\u00e1bua de queijo e frios; Bri\u00e9 de Damsco; Comida Japonesa; Canap\u00e9s variados; Past\u00e9is de Forno; Salgados Quentes; Salada Ceesar e Grega; Foc\u00e1ccia com Buruta; Carpaccio de Carne.<\/p>\n<p><strong>JANTAR:<\/strong> <strong>(1) <\/strong>Fil\u00e9 de Atum ou Espadarte a a moda com legumes a Proven\u00e7al ao Molho de Gengibre e Mel; <strong>(2)<\/strong> Fil\u00e9 ao Molho de Madeira e Arroz de a\u00e7afr\u00e3o.<\/p>\n<p><strong>SOBREMESA:<\/strong> Frutas da Esta\u00e7\u00e3o e Sorvetes.<\/p>\n<p><strong>OPEN BAR: <\/strong>\u00c1gua; Refrigerante; Redbull; Cerveja; Vodka Importada; Gin Importado; Whisky; Espumante; Drinks Variados; Espumante Vinho Branco e Tinto.<\/p>\n","protected":false},"excerpt":{"rendered":"<p>Campe\u00e3s Campe\u00e3s Especial 6\u00b0 lugar | 5\u00ba lugar | 4\u00ba lugar | 3\u00ba lugar | 2\u00ba lugar | Campe\u00e3. BUFFET: Entrada: T\u00e1bua de queijo e frios; Bri\u00e9 de Damsco; Comida Japonesa; Canap\u00e9s variados; Past\u00e9is de Forno; Salgados Quentes; Salada Ceesar e Grega; Foc\u00e1ccia com Buruta; Carpaccio de Carne. JANTAR: (1) Fil\u00e9 de Atum ou Espadarte [&hellip;]<\/p>\n","protected":false},"featured_media":399,"comment_status":"open","ping_status":"closed","template":"","meta":{"_joinchat":[]},"product_cat":[18],"product_tag":[],"class_list":["post-160","product","type-product","status-publish","has-post-thumbnail","hentry","product_cat-camarote-2022"],"_links":{"self":[{"href":"https:\/\/youthrio.com.br\/index.php\/wp-json\/wp\/v2\/product\/160","targetHints":{"allow":["GET"]}}],"collection":[{"href":"https:\/\/youthrio.com.br\/index.php\/wp-json\/wp\/v2\/product"}],"about":[{"href":"https:\/\/youthrio.com.br\/index.php\/wp-json\/wp\/v2\/types\/product"}],"replies":[{"embeddable":true,"href":"https:\/\/youthrio.com.br\/index.php\/wp-json\/wp\/v2\/comments?post=160"}],"wp:featuredmedia":[{"embeddable":true,"href":"https:\/\/youthrio.com.br\/index.php\/wp-json\/wp\/v2\/media\/399"}],"wp:attachment":[{"href":"https:\/\/youthrio.com.br\/index.php\/wp-json\/wp\/v2\/media?parent=160"}],"wp:term":[{"taxonomy":"product_cat","embeddable":true,"href":"https:\/\/youthrio.com.br\/index.php\/wp-json\/wp\/v2\/product_cat?post=160"},{"taxonomy":"product_tag","embeddable":true,"href":"https:\/\/youthrio.com.br\/index.php\/wp-json\/wp\/v2\/product_tag?post=160"}],"curies":[{"name":"wp","href":"https:\/\/api.w.org\/{rel}","templated":true}]}}