{"id":156,"date":"2022-02-25T20:21:28","date_gmt":"2022-02-25T23:21:28","guid":{"rendered":"http:\/\/youthrio.com.br\/?post_type=product&#038;p=156"},"modified":"2022-04-23T08:19:53","modified_gmt":"2022-04-23T11:19:53","slug":"grupo-especialdia-22-de-abril","status":"publish","type":"product","link":"https:\/\/youthrio.com.br\/index.php\/product\/grupo-especialdia-22-de-abril\/","title":{"rendered":"Grupo Especial<br>Dia 22 de Abril"},"content":{"rendered":"<p><strong>Grupo Especial<\/strong><br \/>\n1\u00aa Imperatriz Leopoldinense, 2\u00aa Mangueira, 3\u00ba Salgueiro, 4\u00aa S\u00e3o Clemente, 5\u00aa Unidos do Viradouro, 6\u00aa Beija-Flor de Nil\u00f3polis.<\/p>\n<hr \/>\n<p><strong>BUFFET: <\/strong>Entrada: T\u00e1bua de queijo e frios; Bri\u00e9 de Damsco; Comida Japonesa; Canap\u00e9s variados; Past\u00e9is de Forno; Salgados Quentes; Salada Ceesar e Grega; Foc\u00e1ccia com Buruta; Carpaccio de Carne.<\/p>\n<p><strong>JANTAR:<\/strong> <strong>(1) <\/strong>Paella; <strong>(2)<\/strong> Fil\u00e9 ao Molho Cabernet e Batata ao Forno.<\/p>\n<p><strong>SOBREMESA:<\/strong> Frutas da Esta\u00e7\u00e3o e Sorvetes.<\/p>\n<p><strong>OPEN BAR: <\/strong>\u00c1gua; Refrigerante; Redbull; Cerveja; Vodka Importada; Gin Importado; Whisky; Espumante; Drinks Variados; Espumante Vinho Branco e Tinto.<\/p>\n<hr \/>\n<p><span style=\"font-size: 18px;\">Condi\u00e7\u00f5es especiais para grupo. Fa\u00e7a contato via WhatsApp <a href=\"https:\/\/api.whatsapp.com\/send?phone=5521999082762&amp;text=\" target=\"_blank\" rel=\"noopener\"><img loading=\"lazy\" decoding=\"async\" class=\"alignnone wp-image-277\" src=\"http:\/\/youthrio.com.br\/wp-content\/uploads\/2022\/02\/botao-whatsapp-do-prime-gourmet-300x104.png\" alt=\"\" width=\"100\" height=\"35\" srcset=\"https:\/\/youthrio.com.br\/wp-content\/uploads\/2022\/02\/botao-whatsapp-do-prime-gourmet-300x104.png 300w, https:\/\/youthrio.com.br\/wp-content\/uploads\/2022\/02\/botao-whatsapp-do-prime-gourmet-600x208.png 600w, https:\/\/youthrio.com.br\/wp-content\/uploads\/2022\/02\/botao-whatsapp-do-prime-gourmet.png 738w\" sizes=\"auto, (max-width: 100px) 100vw, 100px\" \/><\/a><br \/>\n<\/span><\/p>\n","protected":false},"excerpt":{"rendered":"<p>Grupo Especial 1\u00aa Imperatriz Leopoldinense, 2\u00aa Mangueira, 3\u00ba Salgueiro, 4\u00aa S\u00e3o Clemente, 5\u00aa Unidos do Viradouro, 6\u00aa Beija-Flor de Nil\u00f3polis. BUFFET: Entrada: T\u00e1bua de queijo e frios; Bri\u00e9 de Damsco; Comida Japonesa; Canap\u00e9s variados; Past\u00e9is de Forno; Salgados Quentes; Salada Ceesar e Grega; Foc\u00e1ccia com Buruta; Carpaccio de Carne. JANTAR: (1) Paella; (2) Fil\u00e9 ao [&hellip;]<\/p>\n","protected":false},"featured_media":385,"comment_status":"open","ping_status":"closed","template":"","meta":{"_joinchat":[]},"product_cat":[18],"product_tag":[],"class_list":["post-156","product","type-product","status-publish","has-post-thumbnail","hentry","product_cat-camarote-2022"],"_links":{"self":[{"href":"https:\/\/youthrio.com.br\/index.php\/wp-json\/wp\/v2\/product\/156","targetHints":{"allow":["GET"]}}],"collection":[{"href":"https:\/\/youthrio.com.br\/index.php\/wp-json\/wp\/v2\/product"}],"about":[{"href":"https:\/\/youthrio.com.br\/index.php\/wp-json\/wp\/v2\/types\/product"}],"replies":[{"embeddable":true,"href":"https:\/\/youthrio.com.br\/index.php\/wp-json\/wp\/v2\/comments?post=156"}],"wp:featuredmedia":[{"embeddable":true,"href":"https:\/\/youthrio.com.br\/index.php\/wp-json\/wp\/v2\/media\/385"}],"wp:attachment":[{"href":"https:\/\/youthrio.com.br\/index.php\/wp-json\/wp\/v2\/media?parent=156"}],"wp:term":[{"taxonomy":"product_cat","embeddable":true,"href":"https:\/\/youthrio.com.br\/index.php\/wp-json\/wp\/v2\/product_cat?post=156"},{"taxonomy":"product_tag","embeddable":true,"href":"https:\/\/youthrio.com.br\/index.php\/wp-json\/wp\/v2\/product_tag?post=156"}],"curies":[{"name":"wp","href":"https:\/\/api.w.org\/{rel}","templated":true}]}}