{"id":147,"date":"2022-02-26T21:09:22","date_gmt":"2022-02-27T00:09:22","guid":{"rendered":"http:\/\/youthrio.com.br\/?post_type=product&#038;p=147"},"modified":"2022-04-21T07:22:04","modified_gmt":"2022-04-21T10:22:04","slug":"grupo-de-acesso-dia-20-de-abril","status":"publish","type":"product","link":"https:\/\/youthrio.com.br\/index.php\/product\/grupo-de-acesso-dia-20-de-abril\/","title":{"rendered":"Grupo de Acesso <br> Dia 20 de Abril"},"content":{"rendered":"<p><strong>Grupo de Acesso<\/strong><\/p>\n<p>1\u00aa Em Cima da Hora, 2\u00ba Acad\u00eamicos do Cubango, 3\u00aa Unidos da Ponte, 4\u00ba Unidos do Porto da Pedra, 5\u00aa Uni\u00e3o da Ilha, 6\u00ba Unidos de Bangu, 7\u00ba Acad\u00eamicos do Sossego.<\/p>\n<hr \/>\n<p><strong>BUFFET: <\/strong>Entrada: T\u00e1bua de queijo e frios; Bri\u00e9 de Damsco; Comida Japonesa; Canap\u00e9s variados; Past\u00e9is de Forno; Salgados Quentes; Salada Ceesar e Grega; Foc\u00e1ccia com Buruta; Carpaccio de Carne.<\/p>\n<p><strong>JANTAR:<\/strong> <strong>(1) <\/strong>Talharim com tomate Pelati e Manjeric\u00e3o; <strong>(2)<\/strong> Fil\u00e9 de coxa de frango ao molho Gorgonzola e arroz de passas brancas.<\/p>\n<p><strong>SOBREMESA:<\/strong> Frutas da Esta\u00e7\u00e3o e Sorvetes.<\/p>\n<p><strong>OPEN BAR: <\/strong>\u00c1gua; Refrigerante; Redbull; Cerveja; Vodka Importada; Gin Importado; Whisky; Espumante; Drinks Variados; Espumante Vinho Branco e Tinto.<\/p>\n<hr \/>\n<p><span style=\"font-size: 18px;\">Condi\u00e7\u00f5es especiais para grupo. Fa\u00e7a contato via WhatsApp <a href=\"https:\/\/api.whatsapp.com\/send?phone=5521999082762&amp;text=\" target=\"_blank\" rel=\"noopener\"><img loading=\"lazy\" decoding=\"async\" class=\"alignnone wp-image-277\" src=\"http:\/\/youthrio.com.br\/wp-content\/uploads\/2022\/02\/botao-whatsapp-do-prime-gourmet-300x104.png\" alt=\"\" width=\"100\" height=\"35\" srcset=\"https:\/\/youthrio.com.br\/wp-content\/uploads\/2022\/02\/botao-whatsapp-do-prime-gourmet-300x104.png 300w, https:\/\/youthrio.com.br\/wp-content\/uploads\/2022\/02\/botao-whatsapp-do-prime-gourmet-600x208.png 600w, https:\/\/youthrio.com.br\/wp-content\/uploads\/2022\/02\/botao-whatsapp-do-prime-gourmet.png 738w\" sizes=\"auto, (max-width: 100px) 100vw, 100px\" \/><\/a><br \/>\n<\/span><\/p>\n","protected":false},"excerpt":{"rendered":"<p>Grupo de Acesso 1\u00aa Em Cima da Hora, 2\u00ba Acad\u00eamicos do Cubango, 3\u00aa Unidos da Ponte, 4\u00ba Unidos do Porto da Pedra, 5\u00aa Uni\u00e3o da Ilha, 6\u00ba Unidos de Bangu, 7\u00ba Acad\u00eamicos do Sossego. BUFFET: Entrada: T\u00e1bua de queijo e frios; Bri\u00e9 de Damsco; Comida Japonesa; Canap\u00e9s variados; Past\u00e9is de Forno; Salgados Quentes; Salada Ceesar [&hellip;]<\/p>\n","protected":false},"featured_media":372,"comment_status":"open","ping_status":"closed","template":"","meta":{"_joinchat":[]},"product_cat":[18],"product_tag":[],"class_list":["post-147","product","type-product","status-publish","has-post-thumbnail","hentry","product_cat-camarote-2022"],"_links":{"self":[{"href":"https:\/\/youthrio.com.br\/index.php\/wp-json\/wp\/v2\/product\/147","targetHints":{"allow":["GET"]}}],"collection":[{"href":"https:\/\/youthrio.com.br\/index.php\/wp-json\/wp\/v2\/product"}],"about":[{"href":"https:\/\/youthrio.com.br\/index.php\/wp-json\/wp\/v2\/types\/product"}],"replies":[{"embeddable":true,"href":"https:\/\/youthrio.com.br\/index.php\/wp-json\/wp\/v2\/comments?post=147"}],"wp:featuredmedia":[{"embeddable":true,"href":"https:\/\/youthrio.com.br\/index.php\/wp-json\/wp\/v2\/media\/372"}],"wp:attachment":[{"href":"https:\/\/youthrio.com.br\/index.php\/wp-json\/wp\/v2\/media?parent=147"}],"wp:term":[{"taxonomy":"product_cat","embeddable":true,"href":"https:\/\/youthrio.com.br\/index.php\/wp-json\/wp\/v2\/product_cat?post=147"},{"taxonomy":"product_tag","embeddable":true,"href":"https:\/\/youthrio.com.br\/index.php\/wp-json\/wp\/v2\/product_tag?post=147"}],"curies":[{"name":"wp","href":"https:\/\/api.w.org\/{rel}","templated":true}]}}